{"id":6,"date":"2026-04-21T10:16:50","date_gmt":"2026-04-21T10:16:50","guid":{"rendered":"https:\/\/desarrollo.stepv-blog.blogs.upv.es\/?page_id=6"},"modified":"2026-04-21T10:42:54","modified_gmt":"2026-04-21T10:42:54","slug":"recurso-no-encontrado","status":"publish","type":"page","link":"https:\/\/desarrollo.stepv-blog.blogs.upv.es\/?page_id=6","title":{"rendered":"Recurso no encontrado"},"content":{"rendered":"\n<p data-wp-context---core-fit-text=\"core\/fit-text::{&quot;fontSize&quot;:&quot;&quot;}\" data-wp-init---core-fit-text=\"core\/fit-text::callbacks.init\" data-wp-interactive data-wp-style--font-size=\"core\/fit-text::context.fontSize\" class=\"has-fit-text\">El recurso solicitado no existe o no est\u00e1 disponible.<\/p>\n\n\n\n<p>Si has llegado hasta aqu\u00ed por error, vuelve a la <a href=\"https:\/\/stepv.upv.es\">p\u00e1gina principal<\/a>.<\/p>\n","protected":false},"excerpt":{"rendered":"<p>El recurso solicitado no existe o no est\u00e1 disponible. Si has llegado hasta aqu\u00ed por error, vuelve a la p\u00e1gina principal.<\/p>\n","protected":false},"author":2,"featured_media":0,"parent":0,"menu_order":0,"comment_status":"closed","ping_status":"closed","template":"","meta":{"footnotes":""},"class_list":["post-6","page","type-page","status-publish"],"_links":{"self":[{"href":"https:\/\/desarrollo.stepv-blog.blogs.upv.es\/index.php?rest_route=\/wp\/v2\/pages\/6","targetHints":{"allow":["GET"]}}],"collection":[{"href":"https:\/\/desarrollo.stepv-blog.blogs.upv.es\/index.php?rest_route=\/wp\/v2\/pages"}],"about":[{"href":"https:\/\/desarrollo.stepv-blog.blogs.upv.es\/index.php?rest_route=\/wp\/v2\/types\/page"}],"author":[{"embeddable":true,"href":"https:\/\/desarrollo.stepv-blog.blogs.upv.es\/index.php?rest_route=\/wp\/v2\/users\/2"}],"replies":[{"embeddable":true,"href":"https:\/\/desarrollo.stepv-blog.blogs.upv.es\/index.php?rest_route=%2Fwp%2Fv2%2Fcomments&post=6"}],"version-history":[{"count":2,"href":"https:\/\/desarrollo.stepv-blog.blogs.upv.es\/index.php?rest_route=\/wp\/v2\/pages\/6\/revisions"}],"predecessor-version":[{"id":10,"href":"https:\/\/desarrollo.stepv-blog.blogs.upv.es\/index.php?rest_route=\/wp\/v2\/pages\/6\/revisions\/10"}],"wp:attachment":[{"href":"https:\/\/desarrollo.stepv-blog.blogs.upv.es\/index.php?rest_route=%2Fwp%2Fv2%2Fmedia&parent=6"}],"curies":[{"name":"wp","href":"https:\/\/api.w.org\/{rel}","templated":true}]}}